{"id":202,"date":"2022-05-24T16:57:27","date_gmt":"2022-05-24T16:57:27","guid":{"rendered":"https:\/\/www.relationproject.eu\/?page_id=202"},"modified":"2022-05-24T16:58:27","modified_gmt":"2022-05-24T16:58:27","slug":"aviso-legal","status":"publish","type":"page","link":"https:\/\/www.relationproject.eu\/es\/aviso-legal\/","title":{"rendered":"Aviso Legal"},"content":{"rendered":"\n<p>Los datos identificativos del responsable del sitio Web son los que figuran a continuaci\u00f3n: Ecoplanta Molecular&nbsp;Recycling&nbsp;Solutions S.L. (en adelante, \u201cEcoplanta\u201d), domiciliada en Paseo Zona Franca 48, 08038 Barcelona, Espa\u00f1a y titular del NIF B67143289.<\/p>\n\n\n\n<p>El acceso y uso del sitio web de Ecoplanta atribuye a quien lo realiza la condici\u00f3n de \u201cUsuario\u201d que acepta plenamente y sin reservas las presentes condiciones generales, as\u00ed como las condiciones particulares que, en su caso, complementen, modifiquen o sustituyan las condiciones generales en relaci\u00f3n con determinados servicios y condiciones del sitio web.<\/p>\n\n\n\n<h5 class=\"wp-block-heading\"><strong>Acceso a la web<\/strong><\/h5>\n\n\n\n<p>El sitio web es accesible 24\/7, excepto durante los per\u00edodos de mantenimiento. Ecoplanta no puede garantizar que el sitio web siempre estar\u00e1 operativo. Del mismo modo, no se puede responsabilizar de los resultados de eventos de fuerza mayor, aver\u00edas o problemas t\u00e9cnicos que afecten al hardware, los programas y el software o a Internet, lo que puede provocar la suspensi\u00f3n o la interrupci\u00f3n del servicio. Ecoplanta no se responsabiliza por demoras, dificultades de uso o incompatibilidad entre el sitio web actual y los archivos del usuario, el navegador o cualquier otro programa utilizado para acceder al sitio web.<\/p>\n\n\n\n<p>El sitio web est\u00e1 disponible de forma gratuita (excluyendo los costos de conexi\u00f3n al sitio web que permanecen a cargo del usuario).<\/p>\n\n\n\n<p>Condiciones Generales de Utilizaci\u00f3n del Sitio Web<\/p>\n\n\n\n<h5 class=\"wp-block-heading\"><strong>Objeto<\/strong><\/h5>\n\n\n\n<p>Las presentes Condiciones Generales regulan el uso (incluyendo acceso, creaci\u00f3n, edici\u00f3n, modificaci\u00f3n y supresi\u00f3n) al presente sitio web de Ecoplanta, incluidos los contenidos y servicios puestos a disposici\u00f3n en el mismo. Cualquier persona que acceda al presente sitio se considera \u201cUsuario\u201d y acepta de forma expresa, autom\u00e1tica y voluntaria someterse a las Condiciones Generales vigentes en cada momento que acceda al presente sitio web, as\u00ed como a las condiciones particulares que, en su caso, le sean aplicables.<\/p>\n\n\n\n<p>Ecoplanta se reserva el derecho de modificar unilateralmente, en cualquier momento y sin necesidad de previo aviso, la estructura y dise\u00f1o del sitio web; modificar o eliminar servicios o contenidos, as\u00ed como las condiciones de acceso y\/o uso del sitio web.<\/p>\n\n\n\n<h5 class=\"wp-block-heading\"><strong>Uso<\/strong><\/h5>\n\n\n\n<p>El Usuario es consciente y acepta que el uso del sitio web se realiza en todo caso bajo su \u00fanica responsabilidad. Quedando prohibido el uso del sitio web con fines il\u00edcitos o lesivos para Ecoplanta o cualquier tercero. En la utilizaci\u00f3n del sitio web, el Usuario se compromete a no llevar a cabo ninguna conducta que pudiera da\u00f1ar la imagen, los intereses y\/o los derechos de Ecoplanta y\/o de terceros o que pudiera da\u00f1ar, inutilizar o sobrecargar el sitio web, o que impidiera de cualquier forma la normal utilizaci\u00f3n del sitio web.<\/p>\n\n\n\n<p>Ecoplanta adopta las medidas de seguridad razonablemente adecuadas para detectar la existencia de virus, no obstante, el Usuario deber ser consciente de que las medidas de seguridad de los sistemas inform\u00e1ticos en Internet no son enteramente fiables y que, por tanto, Ecoplanta no puede garantizar la inexistencia de virus u otros elementos que puedan producir alteraciones en los sistemas inform\u00e1ticos del Usuario o en sus documentos electr\u00f3nicos y ficheros contenidos en los mismos.<\/p>\n\n\n\n<h5 class=\"wp-block-heading\"><strong>Derechos de propiedad Industrial e Intelectual<\/strong><\/h5>\n\n\n\n<p>Toda la informaci\u00f3n contenida en el sitio Web (im\u00e1genes, dise\u00f1os gr\u00e1ficos, c\u00f3digo fuente, dise\u00f1o, estructura de navegaci\u00f3n, bases de datos) es propiedad de Ecoplanta.<\/p>\n\n\n\n<p>Los derechos de explotaci\u00f3n sobre el presente sitio web y cualesquiera de sus contenidos, elementos y, en particular, los derechos de uso, explotaci\u00f3n, distribuci\u00f3n, transformaci\u00f3n y comunicaci\u00f3n p\u00fablica pertenecer\u00e1n en todo momento con car\u00e1cter exclusivo, durante la vigencia prevista legalmente respecto a tales derechos de propiedad industrial e intelectual y para todo el mundo a Ecoplanta, incluyendo cualquier mejora, adaptaci\u00f3n, traducci\u00f3n, perfeccionamiento de cualquiera de sus contenidos, elementos y dem\u00e1s materiales creados, editados y\/o modificados por el Usuario. El Usuario no podr\u00e1 utilizar, las marcas registradas por Ecoplanta, nombres comerciales, dise\u00f1os, know-how as\u00ed como cualquier otro signo distintivo de Ecoplanta, sin el previo y expreso consentimiento de la misma.<\/p>\n\n\n\n<p>El Usuario no podr\u00e1 modificar ni reproducir, ni en parte ni en su totalidad, esta informaci\u00f3n, sin el consentimiento previo y expreso de Ecoplanta. Con car\u00e1cter enunciativo, pero no limitativo: 1) El Usuario no se encuentra autorizado a suprimir, eludir, manipular el \u00abcopyright\u00bb y dem\u00e1s datos identificativos de los derechos de Ecoplanta, as\u00ed como cualesquiera mecanismos de protecci\u00f3n. 2) El Usuario no se encuentra autorizado para desmontar, descompilar o invertir las bases de datos en la que se almacena la informaci\u00f3n de la Web.<\/p>\n\n\n\n<p>Toda la informaci\u00f3n del sitio Web est\u00e1 protegida bajo los derechos de autor. La utilizaci\u00f3n no autorizada de la informaci\u00f3n contenida en esta Web, su reventa, as\u00ed como la lesi\u00f3n de los derechos de Propiedad Intelectual o Industrial de Ecoplanta, dar\u00e1 lugar a las responsabilidades legalmente establecidas. Las marcas (signos distintivos y logos) que aparecen en el sitio Web son titularidad exclusiva de Ecoplanta y est\u00e1n debidamente registrados o en proceso de registro. Las denominaciones de otros Productos, Servicios y Compa\u00f1\u00edas que aparezcan en este documento o en el sitio Web pueden ser marcas u otros signos distintivos registrados por sus respectivos y leg\u00edtimos propietarios.<\/p>\n\n\n\n<h5 class=\"wp-block-heading\"><strong>Hiperenlaces y sitios enlazados<\/strong><\/h5>\n\n\n\n<p>El establecimiento de Hiperenlace no implica en ning\u00fan caso la existencia de relaciones entre Ecoplanta y el propietario del sitio o de la p\u00e1gina web en la que se establezca el Hiperenlace, ni la aceptaci\u00f3n o aprobaci\u00f3n por parte de Ecoplanta de sus contenidos o servicios. En todo caso, Ecoplanta se reserva el derecho a prohibir o inutilizar en cualquier momento cualquier hiperenlace a su sitio web, especialmente en los supuestos de ilicitud de la actividad o contenidos del sitio web en que se incluye el hiperenlace.<\/p>\n\n\n\n<p>En el sitio Web de Ecoplanta se pone a disposici\u00f3n del Usuario, \u00fanicamente para la b\u00fasqueda de, y acceso a, la informaci\u00f3n, contenidos y servicios disponibles en Internet, Hiperenlaces o dispositivos t\u00e9cnicos de enlace (e.g. links o botones), que permiten al Usuario el acceso a sitios o portales de Internet pertenecientes o gestionados por terceros (Sitios Enlazados). Ecoplanta no ofrece ni comercializa por s\u00ed y\/o por medio de terceros la informaci\u00f3n, contenidos y servicios disponibles en los Sitios Enlazados, ni aprueba, supervisa o controla en modo alguno los contenidos y servicios, as\u00ed como cualquier material de cualquier naturaleza existente en los mismos, asumiendo el Usuario de manera exclusiva toda la responsabilidad de la navegaci\u00f3n a trav\u00e9s de estos.<\/p>\n","protected":false},"excerpt":{"rendered":"<p>Los datos identificativos del responsable del sitio Web son los que figuran a continuaci\u00f3n: Ecoplanta Molecular&nbsp;Recycling&nbsp;Solutions S.L. (en adelante, \u201cEcoplanta\u201d), domiciliada en Paseo Zona Franca 48, 08038 Barcelona, Espa\u00f1a y titular del NIF B67143289. El acceso y uso del sitio web de Ecoplanta atribuye a quien lo realiza la condici\u00f3n de \u201cUsuario\u201d que acepta plenamente [&hellip;]<\/p>\n","protected":false},"author":1,"featured_media":0,"parent":0,"menu_order":0,"comment_status":"closed","ping_status":"closed","template":"","meta":{"jnews_page_loop":{"enable_page_loop":"0","first_title":"Latest Post","second_title":"","header_type":"heading_6","header_background":"","header_text_color":"","layout":"right-sidebar","sidebar":"default-sidebar","second_sidebar":"default-sidebar","sticky_sidebar":"1","module":"3","boxed":"0","boxed_shadow":"0","box_shadow":"0","excerpt_length":"20","content_date":"default","date_custom":"Y\/m\/d","content_pagination":"nav_1","pagination_align":"center","show_navtext":"0","show_pageinfo":"0","post_offset":"0","posts_per_page":"5","include_post":"","exclude_post":"","include_category":"","exclude_category":"","include_author":"","include_tag":"","exclude_tag":"","sort_by":"latest"},"jnews_single_page":{"layout":"right-sidebar","sidebar":"default-sidebar","second_sidebar":"default-sidebar","sticky_sidebar":"1","show_post_featured":"1","show_post_meta":"0","share_position":"hide","share_color":"share-monocrhome"},"jnews_social_meta":{"fb_title":"","fb_description":"","fb_image":"","twitter_title":"","twitter_description":"","twitter_image":""},"footnotes":""},"class_list":["post-202","page","type-page","status-publish","hentry"],"_links":{"self":[{"href":"https:\/\/www.relationproject.eu\/es\/wp-json\/wp\/v2\/pages\/202","targetHints":{"allow":["GET"]}}],"collection":[{"href":"https:\/\/www.relationproject.eu\/es\/wp-json\/wp\/v2\/pages"}],"about":[{"href":"https:\/\/www.relationproject.eu\/es\/wp-json\/wp\/v2\/types\/page"}],"author":[{"embeddable":true,"href":"https:\/\/www.relationproject.eu\/es\/wp-json\/wp\/v2\/users\/1"}],"replies":[{"embeddable":true,"href":"https:\/\/www.relationproject.eu\/es\/wp-json\/wp\/v2\/comments?post=202"}],"version-history":[{"count":3,"href":"https:\/\/www.relationproject.eu\/es\/wp-json\/wp\/v2\/pages\/202\/revisions"}],"predecessor-version":[{"id":205,"href":"https:\/\/www.relationproject.eu\/es\/wp-json\/wp\/v2\/pages\/202\/revisions\/205"}],"wp:attachment":[{"href":"https:\/\/www.relationproject.eu\/es\/wp-json\/wp\/v2\/media?parent=202"}],"curies":[{"name":"wp","href":"https:\/\/api.w.org\/{rel}","templated":true}]}}